{"id":953,"date":"2023-03-29T15:16:55","date_gmt":"2023-03-29T15:16:55","guid":{"rendered":"https:\/\/dogmanship.fi\/?page_id=953"},"modified":"2024-11-09T14:05:05","modified_gmt":"2024-11-09T14:05:05","slug":"koirien-ravintoneuvonta","status":"publish","type":"page","link":"https:\/\/dogmanship.fi\/index.php\/koirien-ravintoneuvonta\/","title":{"rendered":"KOIRIEN RAVINTONEUVONTA"},"content":{"rendered":"\t\t<div data-elementor-type=\"wp-page\" data-elementor-id=\"953\" class=\"elementor elementor-953\">\n\t\t\t\t\t\t<section class=\"elementor-section elementor-top-section elementor-element elementor-element-444eed7e elementor-section-height-min-height elementor-section-boxed elementor-section-height-default elementor-section-items-middle wpr-particle-no wpr-jarallax-no wpr-parallax-no wpr-sticky-section-no\" data-id=\"444eed7e\" data-element_type=\"section\" data-e-type=\"section\" data-settings=\"{&quot;background_background&quot;:&quot;classic&quot;,&quot;shape_divider_bottom&quot;:&quot;waves&quot;}\">\n\t\t\t\t\t\t\t<div class=\"elementor-background-overlay\"><\/div>\n\t\t\t\t\t\t<div class=\"elementor-shape elementor-shape-bottom\" aria-hidden=\"true\" data-negative=\"false\">\n\t\t\t<svg xmlns=\"http:\/\/www.w3.org\/2000\/svg\" viewBox=\"0 0 1000 100\" preserveAspectRatio=\"none\">\n\t<path class=\"elementor-shape-fill\" d=\"M421.9,6.5c22.6-2.5,51.5,0.4,75.5,5.3c23.6,4.9,70.9,23.5,100.5,35.7c75.8,32.2,133.7,44.5,192.6,49.7\n\tc23.6,2.1,48.7,3.5,103.4-2.5c54.7-6,106.2-25.6,106.2-25.6V0H0v30.3c0,0,72,32.6,158.4,30.5c39.2-0.7,92.8-6.7,134-22.4\n\tc21.2-8.1,52.2-18.2,79.7-24.2C399.3,7.9,411.6,7.5,421.9,6.5z\"\/>\n<\/svg>\t\t<\/div>\n\t\t\t\t\t<div class=\"elementor-container elementor-column-gap-default\">\n\t\t\t\t\t<div class=\"elementor-column elementor-col-100 elementor-top-column elementor-element elementor-element-599e653\" data-id=\"599e653\" data-element_type=\"column\" data-e-type=\"column\">\n\t\t\t<div class=\"elementor-widget-wrap elementor-element-populated\">\n\t\t\t\t\t\t<div class=\"elementor-element elementor-element-62108c96 elementor-widget elementor-widget-heading\" data-id=\"62108c96\" data-element_type=\"widget\" data-e-type=\"widget\" data-widget_type=\"heading.default\">\n\t\t\t\t<div class=\"elementor-widget-container\">\n\t\t\t\t\t<h2 class=\"elementor-heading-title elementor-size-default\">KOIRIEN RAVINTONEUVONTA\n<\/h2>\t\t\t\t<\/div>\n\t\t\t\t<\/div>\n\t\t\t\t\t<\/div>\n\t\t<\/div>\n\t\t\t\t\t<\/div>\n\t\t<\/section>\n\t\t\t\t<section class=\"elementor-section elementor-top-section elementor-element elementor-element-a1ea6ab elementor-section-boxed elementor-section-height-default elementor-section-height-default wpr-particle-no wpr-jarallax-no wpr-parallax-no wpr-sticky-section-no\" data-id=\"a1ea6ab\" data-element_type=\"section\" data-e-type=\"section\" data-settings=\"{&quot;background_background&quot;:&quot;classic&quot;}\">\n\t\t\t\t\t\t<div class=\"elementor-container elementor-column-gap-default\">\n\t\t\t\t\t<div class=\"elementor-column elementor-col-100 elementor-top-column elementor-element elementor-element-e3e34c9\" data-id=\"e3e34c9\" data-element_type=\"column\" data-e-type=\"column\">\n\t\t\t<div class=\"elementor-widget-wrap elementor-element-populated\">\n\t\t\t\t\t\t<section class=\"elementor-section elementor-inner-section elementor-element elementor-element-a343044 elementor-section-boxed elementor-section-height-default elementor-section-height-default wpr-particle-no wpr-jarallax-no wpr-parallax-no wpr-sticky-section-no\" data-id=\"a343044\" data-element_type=\"section\" data-e-type=\"section\">\n\t\t\t\t\t\t<div class=\"elementor-container elementor-column-gap-default\">\n\t\t\t\t\t<div class=\"elementor-column elementor-col-50 elementor-inner-column elementor-element elementor-element-5d2270d\" data-id=\"5d2270d\" data-element_type=\"column\" data-e-type=\"column\">\n\t\t\t<div class=\"elementor-widget-wrap elementor-element-populated\">\n\t\t\t\t\t\t<div class=\"elementor-element elementor-element-6ca9f17 elementor-widget elementor-widget-heading\" data-id=\"6ca9f17\" data-element_type=\"widget\" data-e-type=\"widget\" data-widget_type=\"heading.default\">\n\t\t\t\t<div class=\"elementor-widget-container\">\n\t\t\t\t\t<h2 class=\"elementor-heading-title elementor-size-default\">Koirien raakaruokinta\n<\/h2>\t\t\t\t<\/div>\n\t\t\t\t<\/div>\n\t\t\t\t<div class=\"elementor-element elementor-element-06d47a4 elementor-widget elementor-widget-text-editor\" data-id=\"06d47a4\" data-element_type=\"widget\" data-e-type=\"widget\" data-widget_type=\"text-editor.default\">\n\t\t\t\t<div class=\"elementor-widget-container\">\n\t\t\t\t\t\t\t\t\t<p>Suosittelemme ensimm\u00e4iseksi \u00a0vaihtoehdoksi muuttamista koiran ruokintaa tasapainoiseksi raakaruokinnaksi. Koira on p\u00e4\u00e4asiassa lihansy\u00f6j\u00e4 ja siksi se tarvitsee ruoakseen lihaa! Raakaravinto oikein toteutettuna on koiralle terveyden perusta. Avainsanoja ovat vaihtelevuus sek\u00e4 tasapainoisuus. Jos et halua ruokkia koiraasi raakaruoalla, niin valitse koirasi parhaaksi lihaisa kuivattu raakaruoka tai lihaisa kuivamuona.<\/p><p>Lue lis\u00e4\u00e4 K9 Natural kuivapakastetusta raakaruoasta<\/p>\t\t\t\t\t\t\t\t<\/div>\n\t\t\t\t<\/div>\n\t\t\t\t<div class=\"elementor-element elementor-element-0c4ce5b elementor-widget elementor-widget-button\" data-id=\"0c4ce5b\" data-element_type=\"widget\" data-e-type=\"widget\" data-widget_type=\"button.default\">\n\t\t\t\t<div class=\"elementor-widget-container\">\n\t\t\t\t\t\t\t\t\t<div class=\"elementor-button-wrapper\">\n\t\t\t\t\t<a class=\"elementor-button elementor-button-link elementor-size-sm\" href=\"http:\/\/k9natural.fi\/\">\n\t\t\t\t\t\t<span class=\"elementor-button-content-wrapper\">\n\t\t\t\t\t\t\t\t\t<span class=\"elementor-button-text\">Lue lis\u00e4\u00e4<\/span>\n\t\t\t\t\t<\/span>\n\t\t\t\t\t<\/a>\n\t\t\t\t<\/div>\n\t\t\t\t\t\t\t\t<\/div>\n\t\t\t\t<\/div>\n\t\t\t\t<div class=\"elementor-element elementor-element-80ed505 elementor-widget elementor-widget-spacer\" data-id=\"80ed505\" data-element_type=\"widget\" data-e-type=\"widget\" data-widget_type=\"spacer.default\">\n\t\t\t\t<div class=\"elementor-widget-container\">\n\t\t\t\t\t\t\t<div class=\"elementor-spacer\">\n\t\t\t<div class=\"elementor-spacer-inner\"><\/div>\n\t\t<\/div>\n\t\t\t\t\t\t<\/div>\n\t\t\t\t<\/div>\n\t\t\t\t<div class=\"elementor-element elementor-element-2f9f8b6 elementor-widget elementor-widget-heading\" data-id=\"2f9f8b6\" data-element_type=\"widget\" data-e-type=\"widget\" data-widget_type=\"heading.default\">\n\t\t\t\t<div class=\"elementor-widget-container\">\n\t\t\t\t\t<h2 class=\"elementor-heading-title elementor-size-default\">Yrttien ja lis\u00e4ravinteiden hy\u00f6dynt\u00e4minen<\/h2>\t\t\t\t<\/div>\n\t\t\t\t<\/div>\n\t\t\t\t<div class=\"elementor-element elementor-element-f3c275e elementor-widget elementor-widget-text-editor\" data-id=\"f3c275e\" data-element_type=\"widget\" data-e-type=\"widget\" data-widget_type=\"text-editor.default\">\n\t\t\t\t<div class=\"elementor-widget-container\">\n\t\t\t\t\t\t\t\t\t<p>Yrtit ja lis\u00e4ravinteet ovat tuki ja lis\u00e4 koiran yksipuoliseen tai riitt\u00e4m\u00e4tt\u00f6m\u00e4\u00e4n ruokintaan. Ne voivat toimia my\u00f6s paranemisprosessissa tukena sek\u00e4 sairauksien poistajana. Yriti ovat olleen vuosituhansia sairauksien parantajana mm. perinteisess\u00e4 kiinalaisessa l\u00e4\u00e4ketieteess\u00e4. Yrttej\u00e4 on my\u00f6s tutkittu yh\u00e4 enemm\u00e4n ja niiden vaikutus ja teho on todistettu useissa tutkimuksissa.<\/p><p><br \/><b>Tutustu lis\u00e4ravinne-valikoimaamme<\/b><\/p>\t\t\t\t\t\t\t\t<\/div>\n\t\t\t\t<\/div>\n\t\t\t\t\t<\/div>\n\t\t<\/div>\n\t\t\t\t<div class=\"elementor-column elementor-col-50 elementor-inner-column elementor-element elementor-element-3329d3f\" data-id=\"3329d3f\" data-element_type=\"column\" data-e-type=\"column\">\n\t\t\t<div class=\"elementor-widget-wrap elementor-element-populated\">\n\t\t\t\t\t\t<div class=\"elementor-element elementor-element-b5bf7a0 elementor-widget elementor-widget-image\" data-id=\"b5bf7a0\" data-element_type=\"widget\" data-e-type=\"widget\" data-widget_type=\"image.default\">\n\t\t\t\t<div class=\"elementor-widget-container\">\n\t\t\t\t\t\t\t\t\t\t\t\t\t\t\t<img fetchpriority=\"high\" decoding=\"async\" width=\"691\" height=\"1024\" src=\"https:\/\/dogmanship.fi\/wp-content\/uploads\/2023\/03\/dog-g05cd9cba4_1920-691x1024.jpg\" class=\"attachment-large size-large wp-image-960\" alt=\"\" srcset=\"https:\/\/dogmanship.fi\/wp-content\/uploads\/2023\/03\/dog-g05cd9cba4_1920-691x1024.jpg 691w, https:\/\/dogmanship.fi\/wp-content\/uploads\/2023\/03\/dog-g05cd9cba4_1920-202x300.jpg 202w, https:\/\/dogmanship.fi\/wp-content\/uploads\/2023\/03\/dog-g05cd9cba4_1920-768x1139.jpg 768w, https:\/\/dogmanship.fi\/wp-content\/uploads\/2023\/03\/dog-g05cd9cba4_1920-1036x1536.jpg 1036w, https:\/\/dogmanship.fi\/wp-content\/uploads\/2023\/03\/dog-g05cd9cba4_1920.jpg 1295w\" sizes=\"(max-width: 691px) 100vw, 691px\" \/>\t\t\t\t\t\t\t\t\t\t\t\t\t\t\t<\/div>\n\t\t\t\t<\/div>\n\t\t\t\t\t<\/div>\n\t\t<\/div>\n\t\t\t\t\t<\/div>\n\t\t<\/section>\n\t\t\t\t\t<\/div>\n\t\t<\/div>\n\t\t\t\t\t<\/div>\n\t\t<\/section>\n\t\t\t\t<\/div>\n\t\t","protected":false},"excerpt":{"rendered":"<p>KOIRIEN RAVINTONEUVONTA Koirien raakaruokinta Suosittelemme ensimm\u00e4iseksi \u00a0vaihtoehdoksi muuttamista koiran ruokintaa tasapainoiseksi raakaruokinnaksi. Koira on p\u00e4\u00e4asiassa lihansy\u00f6j\u00e4 ja siksi se tarvitsee ruoakseen lihaa! Raakaravinto oikein toteutettuna on koiralle terveyden perusta. Avainsanoja ovat vaihtelevuus sek\u00e4 tasapainoisuus. Jos et halua ruokkia koiraasi raakaruoalla, niin valitse koirasi parhaaksi lihaisa kuivattu raakaruoka tai lihaisa kuivamuona. Lue lis\u00e4\u00e4 K9 Natural kuivapakastetusta raakaruoasta Lue lis\u00e4\u00e4 Yrttien ja lis\u00e4ravinteiden hy\u00f6dynt\u00e4minen Yrtit ja lis\u00e4ravinteet ovat tuki ja lis\u00e4 koiran yksipuoliseen tai riitt\u00e4m\u00e4tt\u00f6m\u00e4\u00e4n ruokintaan. Ne voivat toimia my\u00f6s paranemisprosessissa tukena sek\u00e4 sairauksien poistajana. Yriti ovat olleen vuosituhansia sairauksien parantajana mm. perinteisess\u00e4 kiinalaisessa l\u00e4\u00e4ketieteess\u00e4. Yrttej\u00e4 on my\u00f6s tutkittu yh\u00e4 enemm\u00e4n ja niiden vaikutus ja teho on todistettu useissa tutkimuksissa. Tutustu lis\u00e4ravinne-valikoimaamme<\/p>\n","protected":false},"author":1,"featured_media":0,"parent":0,"menu_order":0,"comment_status":"closed","ping_status":"closed","template":"elementor_header_footer","meta":{"footnotes":""},"class_list":["post-953","page","type-page","status-publish","hentry"],"_links":{"self":[{"href":"https:\/\/dogmanship.fi\/index.php\/wp-json\/wp\/v2\/pages\/953","targetHints":{"allow":["GET"]}}],"collection":[{"href":"https:\/\/dogmanship.fi\/index.php\/wp-json\/wp\/v2\/pages"}],"about":[{"href":"https:\/\/dogmanship.fi\/index.php\/wp-json\/wp\/v2\/types\/page"}],"author":[{"embeddable":true,"href":"https:\/\/dogmanship.fi\/index.php\/wp-json\/wp\/v2\/users\/1"}],"replies":[{"embeddable":true,"href":"https:\/\/dogmanship.fi\/index.php\/wp-json\/wp\/v2\/comments?post=953"}],"version-history":[{"count":28,"href":"https:\/\/dogmanship.fi\/index.php\/wp-json\/wp\/v2\/pages\/953\/revisions"}],"predecessor-version":[{"id":1215,"href":"https:\/\/dogmanship.fi\/index.php\/wp-json\/wp\/v2\/pages\/953\/revisions\/1215"}],"wp:attachment":[{"href":"https:\/\/dogmanship.fi\/index.php\/wp-json\/wp\/v2\/media?parent=953"}],"curies":[{"name":"wp","href":"https:\/\/api.w.org\/{rel}","templated":true}]}}