{"id":885,"date":"2023-03-29T13:30:27","date_gmt":"2023-03-29T13:30:27","guid":{"rendered":"https:\/\/dogmanship.fi\/?page_id=885"},"modified":"2023-04-15T07:49:37","modified_gmt":"2023-04-15T07:49:37","slug":"koirankoulutus","status":"publish","type":"page","link":"https:\/\/dogmanship.fi\/index.php\/koirankoulutus\/","title":{"rendered":"KOIRANKOULUTUS"},"content":{"rendered":"\t\t<div data-elementor-type=\"wp-page\" data-elementor-id=\"885\" class=\"elementor elementor-885\">\n\t\t\t\t\t\t<section class=\"elementor-section elementor-top-section elementor-element elementor-element-10cef4b3 elementor-section-height-min-height elementor-section-boxed elementor-section-height-default elementor-section-items-middle wpr-particle-no wpr-jarallax-no wpr-parallax-no wpr-sticky-section-no\" data-id=\"10cef4b3\" data-element_type=\"section\" data-e-type=\"section\" data-settings=\"{&quot;background_background&quot;:&quot;classic&quot;,&quot;shape_divider_bottom&quot;:&quot;waves&quot;}\">\n\t\t\t\t\t\t\t<div class=\"elementor-background-overlay\"><\/div>\n\t\t\t\t\t\t<div class=\"elementor-shape elementor-shape-bottom\" aria-hidden=\"true\" data-negative=\"false\">\n\t\t\t<svg xmlns=\"http:\/\/www.w3.org\/2000\/svg\" viewBox=\"0 0 1000 100\" preserveAspectRatio=\"none\">\n\t<path class=\"elementor-shape-fill\" d=\"M421.9,6.5c22.6-2.5,51.5,0.4,75.5,5.3c23.6,4.9,70.9,23.5,100.5,35.7c75.8,32.2,133.7,44.5,192.6,49.7\n\tc23.6,2.1,48.7,3.5,103.4-2.5c54.7-6,106.2-25.6,106.2-25.6V0H0v30.3c0,0,72,32.6,158.4,30.5c39.2-0.7,92.8-6.7,134-22.4\n\tc21.2-8.1,52.2-18.2,79.7-24.2C399.3,7.9,411.6,7.5,421.9,6.5z\"\/>\n<\/svg>\t\t<\/div>\n\t\t\t\t\t<div class=\"elementor-container elementor-column-gap-default\">\n\t\t\t\t\t<div class=\"elementor-column elementor-col-100 elementor-top-column elementor-element elementor-element-63669ba1\" data-id=\"63669ba1\" data-element_type=\"column\" data-e-type=\"column\">\n\t\t\t<div class=\"elementor-widget-wrap elementor-element-populated\">\n\t\t\t\t\t\t<div class=\"elementor-element elementor-element-17c09a72 elementor-widget elementor-widget-heading\" data-id=\"17c09a72\" data-element_type=\"widget\" data-e-type=\"widget\" data-widget_type=\"heading.default\">\n\t\t\t\t<div class=\"elementor-widget-container\">\n\t\t\t\t\t<h2 class=\"elementor-heading-title elementor-size-default\">Koirankoulutus<\/h2>\t\t\t\t<\/div>\n\t\t\t\t<\/div>\n\t\t\t\t\t<\/div>\n\t\t<\/div>\n\t\t\t\t\t<\/div>\n\t\t<\/section>\n\t\t\t\t<section class=\"elementor-section elementor-top-section elementor-element elementor-element-0754914 elementor-section-full_width elementor-section-stretched elementor-section-height-default elementor-section-height-default wpr-particle-no wpr-jarallax-no wpr-parallax-no wpr-sticky-section-no\" data-id=\"0754914\" data-element_type=\"section\" data-e-type=\"section\" data-settings=\"{&quot;stretch_section&quot;:&quot;section-stretched&quot;,&quot;background_background&quot;:&quot;classic&quot;}\">\n\t\t\t\t\t\t<div class=\"elementor-container elementor-column-gap-default\">\n\t\t\t\t\t<div class=\"elementor-column elementor-col-100 elementor-top-column elementor-element elementor-element-a0094e7\" data-id=\"a0094e7\" data-element_type=\"column\" data-e-type=\"column\">\n\t\t\t<div class=\"elementor-widget-wrap elementor-element-populated\">\n\t\t\t\t\t\t<section class=\"elementor-section elementor-inner-section elementor-element elementor-element-27c90ac elementor-section-boxed elementor-section-height-default elementor-section-height-default wpr-particle-no wpr-jarallax-no wpr-parallax-no wpr-sticky-section-no\" data-id=\"27c90ac\" data-element_type=\"section\" data-e-type=\"section\">\n\t\t\t\t\t\t<div class=\"elementor-container elementor-column-gap-default\">\n\t\t\t\t\t<div class=\"elementor-column elementor-col-50 elementor-inner-column elementor-element elementor-element-59f0820\" data-id=\"59f0820\" data-element_type=\"column\" data-e-type=\"column\">\n\t\t\t<div class=\"elementor-widget-wrap elementor-element-populated\">\n\t\t\t\t\t\t<div class=\"elementor-element elementor-element-4971987 elementor-widget elementor-widget-heading\" data-id=\"4971987\" data-element_type=\"widget\" data-e-type=\"widget\" data-widget_type=\"heading.default\">\n\t\t\t\t<div class=\"elementor-widget-container\">\n\t\t\t\t\t<h2 class=\"elementor-heading-title elementor-size-default\">Ongelmakoirat<\/h2>\t\t\t\t<\/div>\n\t\t\t\t<\/div>\n\t\t\t\t<div class=\"elementor-element elementor-element-32cffb5 elementor-widget elementor-widget-text-editor\" data-id=\"32cffb5\" data-element_type=\"widget\" data-e-type=\"widget\" data-widget_type=\"text-editor.default\">\n\t\t\t\t<div class=\"elementor-widget-container\">\n\t\t\t\t\t\t\t\t\t<p>Koirankouluttajana pyrin tulkkaamaan koiran ongelmak\u00e4ytt\u00e4ytymist\u00e4, jotta me ihmiset ymm\u00e4rt\u00e4isimme koiriamme paremmin. Koiran k\u00e4ytt\u00e4ytymisen muokkaaminen l\u00e4htee meist\u00e4 koiran omistajista. Muuttamalla omaa k\u00e4ytt\u00e4ytymist\u00e4mme, annamme koiralle my\u00f6s mahdollisuuden muuttaa k\u00e4ytt\u00e4tytymist\u00e4\u00e4n.<\/p><p>Yleisin h\u00e4iri\u00f6k\u00e4ytt\u00e4ytyminen on aggressio, joka voi kohdistua eri kohteisiin eri resursseista. My\u00f6s erilaiset eroahdistukset ja pelot ovat yleisi\u00e4 h\u00e4iri\u00f6k\u00e4ytt\u00e4ytymisi\u00e4. Lis\u00e4ksi jahtaamiset el\u00e4imiin, polkupy\u00f6riin ym ovat yleisi\u00e4. Usein koirlla on my\u00f6s kombinaatioita eri h\u00e4iri\u00f6ist\u00e4.<\/p>\t\t\t\t\t\t\t\t<\/div>\n\t\t\t\t<\/div>\n\t\t\t\t\t<\/div>\n\t\t<\/div>\n\t\t\t\t<div class=\"elementor-column elementor-col-50 elementor-inner-column elementor-element elementor-element-4eb0135\" data-id=\"4eb0135\" data-element_type=\"column\" data-e-type=\"column\">\n\t\t\t<div class=\"elementor-widget-wrap elementor-element-populated\">\n\t\t\t\t\t\t<div class=\"elementor-element elementor-element-34e9440 elementor-widget elementor-widget-image\" data-id=\"34e9440\" data-element_type=\"widget\" data-e-type=\"widget\" data-widget_type=\"image.default\">\n\t\t\t\t<div class=\"elementor-widget-container\">\n\t\t\t\t\t\t\t\t\t\t\t\t\t\t\t<img fetchpriority=\"high\" decoding=\"async\" width=\"600\" height=\"381\" src=\"https:\/\/dogmanship.fi\/wp-content\/uploads\/2022\/05\/pic-11.png\" class=\"attachment-large size-large wp-image-550\" alt=\"\" srcset=\"https:\/\/dogmanship.fi\/wp-content\/uploads\/2022\/05\/pic-11.png 600w, https:\/\/dogmanship.fi\/wp-content\/uploads\/2022\/05\/pic-11-300x191.png 300w\" sizes=\"(max-width: 600px) 100vw, 600px\" \/>\t\t\t\t\t\t\t\t\t\t\t\t\t\t\t<\/div>\n\t\t\t\t<\/div>\n\t\t\t\t\t<\/div>\n\t\t<\/div>\n\t\t\t\t\t<\/div>\n\t\t<\/section>\n\t\t\t\t\t<\/div>\n\t\t<\/div>\n\t\t\t\t\t<\/div>\n\t\t<\/section>\n\t\t\t\t<section class=\"elementor-section elementor-top-section elementor-element elementor-element-686e205 elementor-section-boxed elementor-section-height-default elementor-section-height-default wpr-particle-no wpr-jarallax-no wpr-parallax-no wpr-sticky-section-no\" data-id=\"686e205\" data-element_type=\"section\" data-e-type=\"section\" data-settings=\"{&quot;background_background&quot;:&quot;classic&quot;}\">\n\t\t\t\t\t\t\t<div class=\"elementor-background-overlay\"><\/div>\n\t\t\t\t\t\t\t<div class=\"elementor-container elementor-column-gap-default\">\n\t\t\t\t\t<div class=\"elementor-column elementor-col-100 elementor-top-column elementor-element elementor-element-06a44e5\" data-id=\"06a44e5\" data-element_type=\"column\" data-e-type=\"column\">\n\t\t\t<div class=\"elementor-widget-wrap elementor-element-populated\">\n\t\t\t\t\t\t<div class=\"elementor-element elementor-element-80099d7 elementor-widget elementor-widget-spacer\" data-id=\"80099d7\" data-element_type=\"widget\" data-e-type=\"widget\" data-widget_type=\"spacer.default\">\n\t\t\t\t<div class=\"elementor-widget-container\">\n\t\t\t\t\t\t\t<div class=\"elementor-spacer\">\n\t\t\t<div class=\"elementor-spacer-inner\"><\/div>\n\t\t<\/div>\n\t\t\t\t\t\t<\/div>\n\t\t\t\t<\/div>\n\t\t\t\t<div class=\"elementor-element elementor-element-46939c1 elementor-hidden-desktop elementor-hidden-tablet elementor-hidden-mobile elementor-widget elementor-widget-heading\" data-id=\"46939c1\" data-element_type=\"widget\" data-e-type=\"widget\" data-widget_type=\"heading.default\">\n\t\t\t\t<div class=\"elementor-widget-container\">\n\t\t\t\t\t<h2 class=\"elementor-heading-title elementor-size-default\">\"T\u00e4h\u00e4n joku oikein hyv\u00e4 lainaus jostain \"..<\/h2>\t\t\t\t<\/div>\n\t\t\t\t<\/div>\n\t\t\t\t<div class=\"elementor-element elementor-element-cee77ae elementor-widget elementor-widget-spacer\" data-id=\"cee77ae\" data-element_type=\"widget\" data-e-type=\"widget\" data-widget_type=\"spacer.default\">\n\t\t\t\t<div class=\"elementor-widget-container\">\n\t\t\t\t\t\t\t<div class=\"elementor-spacer\">\n\t\t\t<div class=\"elementor-spacer-inner\"><\/div>\n\t\t<\/div>\n\t\t\t\t\t\t<\/div>\n\t\t\t\t<\/div>\n\t\t\t\t\t<\/div>\n\t\t<\/div>\n\t\t\t\t\t<\/div>\n\t\t<\/section>\n\t\t\t\t<section class=\"elementor-section elementor-top-section elementor-element elementor-element-69aa583 elementor-section-boxed elementor-section-height-default elementor-section-height-default wpr-particle-no wpr-jarallax-no wpr-parallax-no wpr-sticky-section-no\" data-id=\"69aa583\" data-element_type=\"section\" data-e-type=\"section\" data-settings=\"{&quot;background_background&quot;:&quot;classic&quot;}\">\n\t\t\t\t\t\t<div class=\"elementor-container elementor-column-gap-default\">\n\t\t\t\t\t<div class=\"elementor-column elementor-col-100 elementor-top-column elementor-element elementor-element-aed31c4\" data-id=\"aed31c4\" data-element_type=\"column\" data-e-type=\"column\">\n\t\t\t<div class=\"elementor-widget-wrap elementor-element-populated\">\n\t\t\t\t\t\t<section class=\"elementor-section elementor-inner-section elementor-element elementor-element-c135ff0 elementor-section-boxed elementor-section-height-default elementor-section-height-default wpr-particle-no wpr-jarallax-no wpr-parallax-no wpr-sticky-section-no\" data-id=\"c135ff0\" data-element_type=\"section\" data-e-type=\"section\">\n\t\t\t\t\t\t<div class=\"elementor-container elementor-column-gap-default\">\n\t\t\t\t\t<div class=\"elementor-column elementor-col-50 elementor-inner-column elementor-element elementor-element-e3affdf\" data-id=\"e3affdf\" data-element_type=\"column\" data-e-type=\"column\">\n\t\t\t<div class=\"elementor-widget-wrap elementor-element-populated\">\n\t\t\t\t\t\t<div class=\"elementor-element elementor-element-e27e184 elementor-widget elementor-widget-heading\" data-id=\"e27e184\" data-element_type=\"widget\" data-e-type=\"widget\" data-widget_type=\"heading.default\">\n\t\t\t\t<div class=\"elementor-widget-container\">\n\t\t\t\t\t<h2 class=\"elementor-heading-title elementor-size-default\">Arkitottelevaisuus\n<\/h2>\t\t\t\t<\/div>\n\t\t\t\t<\/div>\n\t\t\t\t<div class=\"elementor-element elementor-element-8046415 elementor-widget elementor-widget-text-editor\" data-id=\"8046415\" data-element_type=\"widget\" data-e-type=\"widget\" data-widget_type=\"text-editor.default\">\n\t\t\t\t<div class=\"elementor-widget-container\">\n\t\t\t\t\t\t\t\t\t<p>Koirille on hyv\u00e4 opettaa tottelevaisuutta, jotta me pystymme hallitsemaan koiriamme paremmin. Tottelevaisuus on my\u00f6s hyv\u00e4\u00e4 aktiviteettia koiralle. Tottelevaisuuskoulutuksessa kannattaa k\u00e4ytt\u00e4\u00e4 mahdollisimman paljon positiivista vahvistamista opettamisessa.<\/p>\t\t\t\t\t\t\t\t<\/div>\n\t\t\t\t<\/div>\n\t\t\t\t\t<\/div>\n\t\t<\/div>\n\t\t\t\t<div class=\"elementor-column elementor-col-50 elementor-inner-column elementor-element elementor-element-5ac2b0c\" data-id=\"5ac2b0c\" data-element_type=\"column\" data-e-type=\"column\">\n\t\t\t<div class=\"elementor-widget-wrap elementor-element-populated\">\n\t\t\t\t\t\t<div class=\"elementor-element elementor-element-a029b5d elementor-widget elementor-widget-image\" data-id=\"a029b5d\" data-element_type=\"widget\" data-e-type=\"widget\" data-widget_type=\"image.default\">\n\t\t\t\t<div class=\"elementor-widget-container\">\n\t\t\t\t\t\t\t\t\t\t\t\t\t\t\t<img decoding=\"async\" width=\"900\" height=\"700\" src=\"https:\/\/dogmanship.fi\/wp-content\/uploads\/2022\/05\/pic-3.jpg\" class=\"attachment-large size-large wp-image-400\" alt=\"\" srcset=\"https:\/\/dogmanship.fi\/wp-content\/uploads\/2022\/05\/pic-3.jpg 900w, https:\/\/dogmanship.fi\/wp-content\/uploads\/2022\/05\/pic-3-300x233.jpg 300w, https:\/\/dogmanship.fi\/wp-content\/uploads\/2022\/05\/pic-3-768x597.jpg 768w\" sizes=\"(max-width: 900px) 100vw, 900px\" \/>\t\t\t\t\t\t\t\t\t\t\t\t\t\t\t<\/div>\n\t\t\t\t<\/div>\n\t\t\t\t\t<\/div>\n\t\t<\/div>\n\t\t\t\t\t<\/div>\n\t\t<\/section>\n\t\t\t\t\t<\/div>\n\t\t<\/div>\n\t\t\t\t\t<\/div>\n\t\t<\/section>\n\t\t\t\t<section class=\"elementor-section elementor-top-section elementor-element elementor-element-d1ac6d3 elementor-section-boxed elementor-section-height-default elementor-section-height-default wpr-particle-no wpr-jarallax-no wpr-parallax-no wpr-sticky-section-no\" data-id=\"d1ac6d3\" data-element_type=\"section\" data-e-type=\"section\" data-settings=\"{&quot;background_background&quot;:&quot;classic&quot;}\">\n\t\t\t\t\t\t\t<div class=\"elementor-background-overlay\"><\/div>\n\t\t\t\t\t\t\t<div class=\"elementor-container elementor-column-gap-default\">\n\t\t\t\t\t<div class=\"elementor-column elementor-col-100 elementor-top-column elementor-element elementor-element-2f7b415\" data-id=\"2f7b415\" data-element_type=\"column\" data-e-type=\"column\">\n\t\t\t<div class=\"elementor-widget-wrap elementor-element-populated\">\n\t\t\t\t\t\t<div class=\"elementor-element elementor-element-7cd269f elementor-widget elementor-widget-spacer\" data-id=\"7cd269f\" data-element_type=\"widget\" data-e-type=\"widget\" data-widget_type=\"spacer.default\">\n\t\t\t\t<div class=\"elementor-widget-container\">\n\t\t\t\t\t\t\t<div class=\"elementor-spacer\">\n\t\t\t<div class=\"elementor-spacer-inner\"><\/div>\n\t\t<\/div>\n\t\t\t\t\t\t<\/div>\n\t\t\t\t<\/div>\n\t\t\t\t<div class=\"elementor-element elementor-element-f4e985c elementor-hidden-desktop elementor-hidden-tablet elementor-hidden-mobile elementor-widget elementor-widget-heading\" data-id=\"f4e985c\" data-element_type=\"widget\" data-e-type=\"widget\" data-widget_type=\"heading.default\">\n\t\t\t\t<div class=\"elementor-widget-container\">\n\t\t\t\t\t<h2 class=\"elementor-heading-title elementor-size-default\">\"T\u00e4h\u00e4n joku oikein hyv\u00e4 lainaus jostain \"..<\/h2>\t\t\t\t<\/div>\n\t\t\t\t<\/div>\n\t\t\t\t<div class=\"elementor-element elementor-element-dd0546e elementor-widget elementor-widget-spacer\" data-id=\"dd0546e\" data-element_type=\"widget\" data-e-type=\"widget\" data-widget_type=\"spacer.default\">\n\t\t\t\t<div class=\"elementor-widget-container\">\n\t\t\t\t\t\t\t<div class=\"elementor-spacer\">\n\t\t\t<div class=\"elementor-spacer-inner\"><\/div>\n\t\t<\/div>\n\t\t\t\t\t\t<\/div>\n\t\t\t\t<\/div>\n\t\t\t\t\t<\/div>\n\t\t<\/div>\n\t\t\t\t\t<\/div>\n\t\t<\/section>\n\t\t\t\t<section class=\"elementor-section elementor-top-section elementor-element elementor-element-e3aa0b4 elementor-section-boxed elementor-section-height-default elementor-section-height-default wpr-particle-no wpr-jarallax-no wpr-parallax-no wpr-sticky-section-no\" data-id=\"e3aa0b4\" data-element_type=\"section\" data-e-type=\"section\" data-settings=\"{&quot;background_background&quot;:&quot;classic&quot;}\">\n\t\t\t\t\t\t<div class=\"elementor-container elementor-column-gap-default\">\n\t\t\t\t\t<div class=\"elementor-column elementor-col-100 elementor-top-column elementor-element elementor-element-705e99d\" data-id=\"705e99d\" data-element_type=\"column\" data-e-type=\"column\">\n\t\t\t<div class=\"elementor-widget-wrap elementor-element-populated\">\n\t\t\t\t\t\t<section class=\"elementor-section elementor-inner-section elementor-element elementor-element-4d510bc elementor-section-boxed elementor-section-height-default elementor-section-height-default wpr-particle-no wpr-jarallax-no wpr-parallax-no wpr-sticky-section-no\" data-id=\"4d510bc\" data-element_type=\"section\" data-e-type=\"section\">\n\t\t\t\t\t\t<div class=\"elementor-container elementor-column-gap-default\">\n\t\t\t\t\t<div class=\"elementor-column elementor-col-50 elementor-inner-column elementor-element elementor-element-d1a9a91\" data-id=\"d1a9a91\" data-element_type=\"column\" data-e-type=\"column\">\n\t\t\t<div class=\"elementor-widget-wrap elementor-element-populated\">\n\t\t\t\t\t\t<div class=\"elementor-element elementor-element-7bb7cff elementor-widget elementor-widget-heading\" data-id=\"7bb7cff\" data-element_type=\"widget\" data-e-type=\"widget\" data-widget_type=\"heading.default\">\n\t\t\t\t<div class=\"elementor-widget-container\">\n\t\t\t\t\t<h2 class=\"elementor-heading-title elementor-size-default\">Koiran lukeminen ja motivointi harrastuslajeissa\n<\/h2>\t\t\t\t<\/div>\n\t\t\t\t<\/div>\n\t\t\t\t<div class=\"elementor-element elementor-element-2284e9a elementor-widget elementor-widget-text-editor\" data-id=\"2284e9a\" data-element_type=\"widget\" data-e-type=\"widget\" data-widget_type=\"text-editor.default\">\n\t\t\t\t<div class=\"elementor-widget-container\">\n\t\t\t\t\t\t\t\t\t<p>Koiran lukutaito tarkoittaa itse asiassa sit\u00e4, ett\u00e4 opimme tulkitsemaan koiran k\u00e4ytt\u00e4ytymist\u00e4. Ymm\u00e4rt\u00e4m\u00e4ll\u00e4 koiran k\u00e4ytt\u00e4ytymist\u00e4, me emme luultavasti joudu &#8221;t\u00f6rm\u00e4yskurssille&#8221; niin usein. Oppimalla lukemaan koiran k\u00e4ytt\u00e4ytymist\u00e4 sek\u00e4 ymm\u00e4rt\u00e4m\u00e4\u00e4n sen motivaatiota, voimme my\u00f6s ymm\u00e4rt\u00e4\u00e4, kuinka motivoida koiraa &#8221;oikein&#8221;.<\/p>\t\t\t\t\t\t\t\t<\/div>\n\t\t\t\t<\/div>\n\t\t\t\t\t<\/div>\n\t\t<\/div>\n\t\t\t\t<div class=\"elementor-column elementor-col-50 elementor-inner-column elementor-element elementor-element-a195130\" data-id=\"a195130\" data-element_type=\"column\" data-e-type=\"column\">\n\t\t\t<div class=\"elementor-widget-wrap elementor-element-populated\">\n\t\t\t\t\t\t<div class=\"elementor-element elementor-element-350ae35 elementor-widget elementor-widget-image\" data-id=\"350ae35\" data-element_type=\"widget\" data-e-type=\"widget\" data-widget_type=\"image.default\">\n\t\t\t\t<div class=\"elementor-widget-container\">\n\t\t\t\t\t\t\t\t\t\t\t\t\t\t\t<img decoding=\"async\" width=\"1024\" height=\"768\" src=\"https:\/\/dogmanship.fi\/wp-content\/uploads\/2023\/03\/dog-gc593fd2e1_1920-1024x768.jpg\" class=\"attachment-large size-large wp-image-892\" alt=\"\" srcset=\"https:\/\/dogmanship.fi\/wp-content\/uploads\/2023\/03\/dog-gc593fd2e1_1920-1024x768.jpg 1024w, https:\/\/dogmanship.fi\/wp-content\/uploads\/2023\/03\/dog-gc593fd2e1_1920-300x225.jpg 300w, https:\/\/dogmanship.fi\/wp-content\/uploads\/2023\/03\/dog-gc593fd2e1_1920-768x576.jpg 768w, https:\/\/dogmanship.fi\/wp-content\/uploads\/2023\/03\/dog-gc593fd2e1_1920-1536x1152.jpg 1536w, https:\/\/dogmanship.fi\/wp-content\/uploads\/2023\/03\/dog-gc593fd2e1_1920.jpg 1920w\" sizes=\"(max-width: 1024px) 100vw, 1024px\" \/>\t\t\t\t\t\t\t\t\t\t\t\t\t\t\t<\/div>\n\t\t\t\t<\/div>\n\t\t\t\t\t<\/div>\n\t\t<\/div>\n\t\t\t\t\t<\/div>\n\t\t<\/section>\n\t\t\t\t\t<\/div>\n\t\t<\/div>\n\t\t\t\t\t<\/div>\n\t\t<\/section>\n\t\t\t\t<\/div>\n\t\t","protected":false},"excerpt":{"rendered":"<p>Koirankoulutus Ongelmakoirat Koirankouluttajana pyrin tulkkaamaan koiran ongelmak\u00e4ytt\u00e4ytymist\u00e4, jotta me ihmiset ymm\u00e4rt\u00e4isimme koiriamme paremmin. Koiran k\u00e4ytt\u00e4ytymisen muokkaaminen l\u00e4htee meist\u00e4 koiran omistajista. Muuttamalla omaa k\u00e4ytt\u00e4ytymist\u00e4mme, annamme koiralle my\u00f6s mahdollisuuden muuttaa k\u00e4ytt\u00e4tytymist\u00e4\u00e4n. Yleisin h\u00e4iri\u00f6k\u00e4ytt\u00e4ytyminen on aggressio, joka voi kohdistua eri kohteisiin eri resursseista. My\u00f6s erilaiset eroahdistukset ja pelot ovat yleisi\u00e4 h\u00e4iri\u00f6k\u00e4ytt\u00e4ytymisi\u00e4. Lis\u00e4ksi jahtaamiset el\u00e4imiin, polkupy\u00f6riin ym ovat yleisi\u00e4. Usein koirlla on my\u00f6s kombinaatioita eri h\u00e4iri\u00f6ist\u00e4. &#8221;T\u00e4h\u00e4n joku oikein hyv\u00e4 lainaus jostain &#8221;.. Arkitottelevaisuus Koirille on hyv\u00e4 opettaa tottelevaisuutta, jotta me pystymme hallitsemaan koiriamme paremmin. Tottelevaisuus on my\u00f6s hyv\u00e4\u00e4 aktiviteettia koiralle. Tottelevaisuuskoulutuksessa kannattaa k\u00e4ytt\u00e4\u00e4 mahdollisimman paljon positiivista vahvistamista opettamisessa. &#8221;T\u00e4h\u00e4n joku oikein hyv\u00e4 lainaus jostain &#8221;.. Koiran lukeminen ja motivointi harrastuslajeissa Koiran lukutaito tarkoittaa itse asiassa sit\u00e4, ett\u00e4 opimme tulkitsemaan koiran k\u00e4ytt\u00e4ytymist\u00e4. Ymm\u00e4rt\u00e4m\u00e4ll\u00e4 koiran k\u00e4ytt\u00e4ytymist\u00e4, me emme luultavasti joudu &#8221;t\u00f6rm\u00e4yskurssille&#8221; niin usein. Oppimalla lukemaan koiran k\u00e4ytt\u00e4ytymist\u00e4 sek\u00e4 ymm\u00e4rt\u00e4m\u00e4\u00e4n sen motivaatiota, voimme my\u00f6s ymm\u00e4rt\u00e4\u00e4, kuinka motivoida koiraa &#8221;oikein&#8221;.<\/p>\n","protected":false},"author":1,"featured_media":0,"parent":0,"menu_order":0,"comment_status":"closed","ping_status":"closed","template":"elementor_header_footer","meta":{"footnotes":""},"class_list":["post-885","page","type-page","status-publish","hentry"],"_links":{"self":[{"href":"https:\/\/dogmanship.fi\/index.php\/wp-json\/wp\/v2\/pages\/885","targetHints":{"allow":["GET"]}}],"collection":[{"href":"https:\/\/dogmanship.fi\/index.php\/wp-json\/wp\/v2\/pages"}],"about":[{"href":"https:\/\/dogmanship.fi\/index.php\/wp-json\/wp\/v2\/types\/page"}],"author":[{"embeddable":true,"href":"https:\/\/dogmanship.fi\/index.php\/wp-json\/wp\/v2\/users\/1"}],"replies":[{"embeddable":true,"href":"https:\/\/dogmanship.fi\/index.php\/wp-json\/wp\/v2\/comments?post=885"}],"version-history":[{"count":35,"href":"https:\/\/dogmanship.fi\/index.php\/wp-json\/wp\/v2\/pages\/885\/revisions"}],"predecessor-version":[{"id":1170,"href":"https:\/\/dogmanship.fi\/index.php\/wp-json\/wp\/v2\/pages\/885\/revisions\/1170"}],"wp:attachment":[{"href":"https:\/\/dogmanship.fi\/index.php\/wp-json\/wp\/v2\/media?parent=885"}],"curies":[{"name":"wp","href":"https:\/\/api.w.org\/{rel}","templated":true}]}}