{"id":1238,"date":"2024-11-14T19:15:18","date_gmt":"2024-11-14T19:15:18","guid":{"rendered":"https:\/\/dogmanship.fi\/?page_id=1238"},"modified":"2024-12-03T16:59:13","modified_gmt":"2024-12-03T16:59:13","slug":"kurssit","status":"publish","type":"page","link":"https:\/\/dogmanship.fi\/index.php\/kurssit\/","title":{"rendered":"Kurssit"},"content":{"rendered":"\t\t<div data-elementor-type=\"wp-page\" data-elementor-id=\"1238\" class=\"elementor elementor-1238\">\n\t\t\t\t\t\t<section class=\"elementor-section elementor-top-section elementor-element elementor-element-74877ce elementor-section-boxed elementor-section-height-default elementor-section-height-default wpr-particle-no wpr-jarallax-no wpr-parallax-no wpr-sticky-section-no\" data-id=\"74877ce\" data-element_type=\"section\" data-e-type=\"section\">\n\t\t\t\t\t\t<div class=\"elementor-container elementor-column-gap-default\">\n\t\t\t\t\t<div class=\"elementor-column elementor-col-100 elementor-top-column elementor-element elementor-element-9ac1e6d\" data-id=\"9ac1e6d\" data-element_type=\"column\" data-e-type=\"column\">\n\t\t\t<div class=\"elementor-widget-wrap elementor-element-populated\">\n\t\t\t\t\t\t<div class=\"elementor-element elementor-element-55bf18d elementor-widget elementor-widget-heading\" data-id=\"55bf18d\" data-element_type=\"widget\" data-e-type=\"widget\" data-widget_type=\"heading.default\">\n\t\t\t\t<div class=\"elementor-widget-container\">\n\t\t\t\t\t<h2 class=\"elementor-heading-title elementor-size-default\">Dogmanship kurssit ja koulutukset<\/h2>\t\t\t\t<\/div>\n\t\t\t\t<\/div>\n\t\t\t\t<div class=\"elementor-element elementor-element-eb7eed6 wpr-grid-columns-3 wpr-grid-columns--tablet2 wpr-grid-columns--mobile1 wpr-grid-pagination-center wpr-item-styles-inner elementor-widget elementor-widget-wpr-grid\" data-id=\"eb7eed6\" data-element_type=\"widget\" data-e-type=\"widget\" data-widget_type=\"wpr-grid.default\">\n\t\t\t\t<div class=\"elementor-widget-container\">\n\t\t\t\t\t<ul class=\"wpr-grid-filters elementor-clearfix wpr-grid-filters-sep-right\"><li class=\" wpr-pointer-none wpr-pointer-line-fx wpr-pointer-fx-none\"><span  data-filter=\"*\" class=\"wpr-grid-filters-item wpr-active-filter \">Kaikki kategoriat<\/span><em class=\"wpr-grid-filters-sep\"><\/em><\/li><li class=\" wpr-pointer-none wpr-pointer-line-fx wpr-pointer-fx-none\"><span   data-ajax-filter=[\"category\",\"kaytosneuvonta\"]  data-filter=\".category-kaytosneuvonta\">K\u00e4yt\u00f6sneuvonta<\/span><em class=\"wpr-grid-filters-sep\"><\/em><\/li><li class=\" wpr-pointer-none wpr-pointer-line-fx wpr-pointer-fx-none\"><span   data-ajax-filter=[\"category\",\"nenankaytto\"]  data-filter=\".category-nenankaytto\">Nen\u00e4nk\u00e4ytt\u00f6<\/span><em class=\"wpr-grid-filters-sep\"><\/em><\/li><\/ul><section class=\"wpr-grid elementor-clearfix\" data-settings=\"{&quot;layout&quot;:&quot;fitRows&quot;,&quot;stick_last_element_to_bottom&quot;:&quot;&quot;,&quot;columns_desktop&quot;:3,&quot;gutter_hr&quot;:15,&quot;gutter_hr_mobile&quot;:15,&quot;gutter_hr_mobile_extra&quot;:15,&quot;gutter_hr_tablet&quot;:15,&quot;gutter_hr_tablet_extra&quot;:15,&quot;gutter_hr_laptop&quot;:15,&quot;gutter_hr_widescreen&quot;:15,&quot;gutter_vr&quot;:15,&quot;gutter_vr_mobile&quot;:15,&quot;gutter_vr_mobile_extra&quot;:15,&quot;gutter_vr_tablet&quot;:15,&quot;gutter_vr_tablet_extra&quot;:15,&quot;gutter_vr_laptop&quot;:15,&quot;gutter_vr_widescreen&quot;:15,&quot;animation&quot;:&quot;default&quot;,&quot;animation_duration&quot;:0.3,&quot;animation_delay&quot;:0.1,&quot;deeplinking&quot;:&quot;&quot;,&quot;filters_linkable&quot;:&quot;no&quot;,&quot;filters_default_filter&quot;:&quot;&quot;,&quot;filters_count&quot;:&quot;&quot;,&quot;filters_hide_empty&quot;:&quot;no&quot;,&quot;filters_animation&quot;:&quot;default&quot;,&quot;filters_animation_duration&quot;:0.3,&quot;filters_animation_delay&quot;:0.1,&quot;pagination_type&quot;:&quot;load-more&quot;,&quot;pagination_max_pages&quot;:1,&quot;lightbox&quot;:{&quot;selector&quot;:&quot;.wpr-grid-image-wrap&quot;,&quot;iframeMaxWidth&quot;:&quot;60%&quot;,&quot;hash&quot;:false,&quot;autoplay&quot;:&quot;true&quot;,&quot;pause&quot;:5000,&quot;progressBar&quot;:&quot;true&quot;,&quot;counter&quot;:&quot;true&quot;,&quot;controls&quot;:&quot;true&quot;,&quot;getCaptionFromTitleOrAlt&quot;:&quot;true&quot;,&quot;thumbnail&quot;:&quot;&quot;,&quot;showThumbByDefault&quot;:&quot;&quot;,&quot;share&quot;:&quot;&quot;,&quot;zoom&quot;:&quot;true&quot;,&quot;fullScreen&quot;:&quot;true&quot;,&quot;download&quot;:&quot;&quot;}}\" data-advanced-filters=\"no\"><article class=\"wpr-grid-item elementor-clearfix post-1235 post type-post status-publish format-standard has-post-thumbnail hentry category-kaytosneuvonta\"><div class=\"wpr-grid-item-inner\"><div class=\"wpr-grid-media-wrap wpr-effect-size-medium \" data-overlay-link=\"yes\"><div class=\"wpr-grid-image-wrap\" data-src=\"https:\/\/dogmanship.fi\/wp-content\/uploads\/2023\/03\/19621362_10155454549333756_2122140149239165426_o-1.jpg\" data-img-on-hover=\"\"  data-src-secondary=\"\"><img decoding=\"async\" data-no-lazy=\"1\" src=\"https:\/\/dogmanship.fi\/wp-content\/uploads\/2023\/03\/19621362_10155454549333756_2122140149239165426_o-1.jpg\" alt=\"K\u00e4yt\u00f6sneuvonta\" class=\"wpr-anim-timing-ease-default\"><\/div><div class=\"wpr-grid-media-hover wpr-animation-wrap\"><div class=\"wpr-grid-media-hover-bg  wpr-overlay-fade-in wpr-anim-size-large wpr-anim-timing-ease-default wpr-anim-transparency\" data-url=\"https:\/\/dogmanship.fi\/index.php\/2024\/11\/14\/kaytosneuvonta\/\"><\/div><\/div><\/div><div class=\"wpr-grid-item-below-content elementor-clearfix\"><h2 class=\"wpr-grid-item-title elementor-repeater-item-2aa8bcc wpr-grid-item-display-block wpr-grid-item-align-left wpr-pointer-none wpr-pointer-line-fx wpr-pointer-fx-fade\"><div class=\"inner-block\"><a target=\"_self\"  href=\"https:\/\/dogmanship.fi\/index.php\/2024\/11\/14\/kaytosneuvonta\/\">K\u00e4yt\u00f6sneuvonta<\/a><\/div><\/h2><div class=\"wpr-grid-item-excerpt elementor-repeater-item-90ea931 wpr-grid-item-display-block wpr-grid-item-align-left\"><div class=\"inner-block\"><p>Koirien k\u00e4yt\u00f6sh\u00e4iri\u00f6t ovat usein moniulotteisia, ja riippuu omistajasta ja ymp\u00e4rist\u00f6st\u00e4, millainen k\u00e4yt\u00f6s ylip\u00e4\u00e4t\u00e4\u00e4n koetaan ongelmaksi. Esimerkiksi toisten koirien ohitukset voivat...<\/p><\/div><\/div><div class=\"wpr-grid-item-read-more elementor-repeater-item-27fd3aa wpr-grid-item-display-block wpr-grid-item-align-left\"><div class=\"inner-block\"><a target=\"_self\" href=\"https:\/\/dogmanship.fi\/index.php\/2024\/11\/14\/kaytosneuvonta\/\" class=\"wpr-button-effect wpr-button-none\"><span>Lue lis\u00e4\u00e4<\/span><\/a><\/div><\/div><\/div><\/div><\/article><article class=\"wpr-grid-item elementor-clearfix post-1227 post type-post status-publish format-standard has-post-thumbnail hentry category-nenankaytto\"><div class=\"wpr-grid-item-inner\"><div class=\"wpr-grid-media-wrap wpr-effect-size-medium \" data-overlay-link=\"yes\"><div class=\"wpr-grid-image-wrap\" data-src=\"https:\/\/dogmanship.fi\/wp-content\/uploads\/2024\/11\/Kaja-.jpg\" data-img-on-hover=\"\"  data-src-secondary=\"\"><img decoding=\"async\" data-no-lazy=\"1\" src=\"https:\/\/dogmanship.fi\/wp-content\/uploads\/2024\/11\/Kaja-.jpg\" alt=\"Hajuerottelukurssit\" class=\"wpr-anim-timing-ease-default\"><\/div><div class=\"wpr-grid-media-hover wpr-animation-wrap\"><div class=\"wpr-grid-media-hover-bg  wpr-overlay-fade-in wpr-anim-size-large wpr-anim-timing-ease-default wpr-anim-transparency\" data-url=\"https:\/\/dogmanship.fi\/index.php\/2024\/11\/14\/nenankayttokurssi\/\"><\/div><\/div><\/div><div class=\"wpr-grid-item-below-content elementor-clearfix\"><h2 class=\"wpr-grid-item-title elementor-repeater-item-2aa8bcc wpr-grid-item-display-block wpr-grid-item-align-left wpr-pointer-none wpr-pointer-line-fx wpr-pointer-fx-fade\"><div class=\"inner-block\"><a target=\"_self\"  href=\"https:\/\/dogmanship.fi\/index.php\/2024\/11\/14\/nenankayttokurssi\/\">Hajuerottelukurssit<\/a><\/div><\/h2><div class=\"wpr-grid-item-excerpt elementor-repeater-item-90ea931 wpr-grid-item-display-block wpr-grid-item-align-left\"><div class=\"inner-block\"><p>Nen\u00e4ty\u00f6skentelyn alkeet on kolmena iltana pidett\u00e4v\u00e4 kurssi hajuty\u00f6skentelyn vasta-alkajille. Koiran i\u00e4ll\u00e4 ei ole koulutuksen kannalta merkityst\u00e4, mutta asioiden omaksumisen ja...<\/p><\/div><\/div><div class=\"wpr-grid-item-read-more elementor-repeater-item-27fd3aa wpr-grid-item-display-block wpr-grid-item-align-left\"><div class=\"inner-block\"><a target=\"_self\" href=\"https:\/\/dogmanship.fi\/index.php\/2024\/11\/14\/nenankayttokurssi\/\" class=\"wpr-button-effect wpr-button-none\"><span>Lue lis\u00e4\u00e4<\/span><\/a><\/div><\/div><\/div><\/div><\/article><\/section>\t\t\t\t<\/div>\n\t\t\t\t<\/div>\n\t\t\t\t\t<\/div>\n\t\t<\/div>\n\t\t\t\t\t<\/div>\n\t\t<\/section>\n\t\t\t\t<\/div>\n\t\t","protected":false},"excerpt":{"rendered":"<p>Dogmanship kurssit ja koulutukset Kaikki kategoriat K\u00e4yt\u00f6sneuvonta Nen\u00e4nk\u00e4ytt\u00f6 K\u00e4yt\u00f6sneuvonta Blaa blaaa Lue lis\u00e4\u00e4 Nen\u00e4nk\u00e4ytt\u00f6kurssi No Comments Nen\u00e4ty\u00f6skentelyn alkeet ovat kaksip\u00e4iv\u00e4inen kurssi (yhteens\u00e4 7 tuntia) hajuty\u00f6skentelyyn aloitteleville koirille. Koirien i\u00e4ll\u00e4 ei ole merkityst\u00e4 hajun erottelun koulutukseen, mutta&hellip; Lue lis\u00e4\u00e4<\/p>\n","protected":false},"author":1,"featured_media":0,"parent":0,"menu_order":0,"comment_status":"closed","ping_status":"closed","template":"elementor_header_footer","meta":{"footnotes":""},"class_list":["post-1238","page","type-page","status-publish","hentry"],"_links":{"self":[{"href":"https:\/\/dogmanship.fi\/index.php\/wp-json\/wp\/v2\/pages\/1238","targetHints":{"allow":["GET"]}}],"collection":[{"href":"https:\/\/dogmanship.fi\/index.php\/wp-json\/wp\/v2\/pages"}],"about":[{"href":"https:\/\/dogmanship.fi\/index.php\/wp-json\/wp\/v2\/types\/page"}],"author":[{"embeddable":true,"href":"https:\/\/dogmanship.fi\/index.php\/wp-json\/wp\/v2\/users\/1"}],"replies":[{"embeddable":true,"href":"https:\/\/dogmanship.fi\/index.php\/wp-json\/wp\/v2\/comments?post=1238"}],"version-history":[{"count":14,"href":"https:\/\/dogmanship.fi\/index.php\/wp-json\/wp\/v2\/pages\/1238\/revisions"}],"predecessor-version":[{"id":1293,"href":"https:\/\/dogmanship.fi\/index.php\/wp-json\/wp\/v2\/pages\/1238\/revisions\/1293"}],"wp:attachment":[{"href":"https:\/\/dogmanship.fi\/index.php\/wp-json\/wp\/v2\/media?parent=1238"}],"curies":[{"name":"wp","href":"https:\/\/api.w.org\/{rel}","templated":true}]}}